{"id":38,"date":"2025-11-23T05:59:54","date_gmt":"2025-11-23T04:59:54","guid":{"rendered":"https:\/\/dorothee-vermaaten.de\/?page_id=38"},"modified":"2025-11-23T10:14:03","modified_gmt":"2025-11-23T09:14:03","slug":"impressum","status":"publish","type":"page","link":"https:\/\/dorothee-vermaaten.de\/?page_id=38","title":{"rendered":"Impressum"},"content":{"rendered":"\n<h2 class=\"wp-block-heading\">Impressum<\/h2>\n\n\n\n<p>Dorothee Vermaaten<br>Clemensstr. 4<br>D-52223 Stolberg<\/p>\n\n\n\n<p>Telefon 02402-3186<br>info@dorothee-vermaaten.de<br>www.dorothee-vermaaten.de<\/p>\n\n\n\n<p>Inhaltlich Verantwortlicher gem\u00e4\u00df 10 Absatz 3 MDStV:<br>Dorothee Vermaaten (Anschrift wie oben)<br>\u00a9Texte und Abbildungen Dorothee Vermaaten<\/p>\n\n\n\n<p>Haftungshinweis:<br>Trotz sorgf\u00e4ltiger inhaltlicher Kontrolle \u00fcbernehmen ich keine Haftung f\u00fcr die Inhalte externer Links. F\u00fcr den Inhalt der verlinkten Seiten sind ausschlie\u00dfllich deren Betreiber verantwortlich.<\/p>\n","protected":false},"excerpt":{"rendered":"<p>Impressum Dorothee VermaatenClemensstr. 4D-52223 Stolberg Telefon 02402-3186info@dorothee-vermaaten.dewww.dorothee-vermaaten.de Inhaltlich Verantwortlicher gem\u00e4\u00df 10 Absatz 3 MDStV:Dorothee Vermaaten (Anschrift wie oben)\u00a9Texte und Abbildungen Dorothee Vermaaten Haftungshinweis:Trotz sorgf\u00e4ltiger inhaltlicher Kontrolle \u00fcbernehmen ich keine Haftung f\u00fcr die Inhalte externer Links. F\u00fcr den Inhalt der verlinkten Seiten sind ausschlie\u00dfllich deren Betreiber verantwortlich.<\/p>\n","protected":false},"author":1,"featured_media":0,"parent":0,"menu_order":0,"comment_status":"closed","ping_status":"closed","template":"wp-custom-template-my-template","meta":{"footnotes":""},"class_list":["post-38","page","type-page","status-publish","hentry"],"_links":{"self":[{"href":"https:\/\/dorothee-vermaaten.de\/index.php?rest_route=\/wp\/v2\/pages\/38","targetHints":{"allow":["GET"]}}],"collection":[{"href":"https:\/\/dorothee-vermaaten.de\/index.php?rest_route=\/wp\/v2\/pages"}],"about":[{"href":"https:\/\/dorothee-vermaaten.de\/index.php?rest_route=\/wp\/v2\/types\/page"}],"author":[{"embeddable":true,"href":"https:\/\/dorothee-vermaaten.de\/index.php?rest_route=\/wp\/v2\/users\/1"}],"replies":[{"embeddable":true,"href":"https:\/\/dorothee-vermaaten.de\/index.php?rest_route=%2Fwp%2Fv2%2Fcomments&post=38"}],"version-history":[{"count":2,"href":"https:\/\/dorothee-vermaaten.de\/index.php?rest_route=\/wp\/v2\/pages\/38\/revisions"}],"predecessor-version":[{"id":271,"href":"https:\/\/dorothee-vermaaten.de\/index.php?rest_route=\/wp\/v2\/pages\/38\/revisions\/271"}],"wp:attachment":[{"href":"https:\/\/dorothee-vermaaten.de\/index.php?rest_route=%2Fwp%2Fv2%2Fmedia&parent=38"}],"curies":[{"name":"wp","href":"https:\/\/api.w.org\/{rel}","templated":true}]}}