{"id":240,"date":"2025-11-23T08:24:15","date_gmt":"2025-11-23T07:24:15","guid":{"rendered":"https:\/\/dorothee-vermaaten.de\/?page_id=240"},"modified":"2025-11-23T11:59:02","modified_gmt":"2025-11-23T10:59:02","slug":"home","status":"publish","type":"page","link":"https:\/\/dorothee-vermaaten.de\/","title":{"rendered":"Home"},"content":{"rendered":"\n<h2 class=\"wp-block-heading\">Vom Zauber der Abstraktion<\/h2>\n\n\n\n<p>Die Arbeiten von Dorothee Vermaaten entstehen aus den Farbsetzungen und der Erinnerung, die w\u00e4hrend des Malens eine Verdichtung erf\u00e4hrt. Nicht die Absicht, ein bestimmtes Motiv auszuf\u00fchren, bestimmt das Bild, sondern die ersten Setzungen f\u00fchren zu Assoziationen, die weiterverfolgt werden. Zufall, Spontaneit\u00e4t, Phantasie und Andeutung bilden in einem z\u00fcgigen Arbeitsprozess unterschiedliche Themen aus, die von Farbe und Tagesstimmungen angesto\u00dfen sind.<br>Verwischungen, Farbverl\u00e4ufe und lineare Eingriffe in den Bildraum pr\u00e4gen die auf Assoziationsfelder und Bildinseln reduzierten Werke. Sie bilden einen Bildraum ohne illusionistische Tiefe von kaum auslotbarer B\u00fchnenhaftigkeit aus, in dem die Essenz einer Wahrnehmung verdichtet erscheint.<br>Die Innere Entscheidung der K\u00fcnstlerin gegen Detail, F\u00fclle und Gedanken\u00fcberlagerung, beh\u00e4lt in den austarierten Bildmitteln eine Spannung, die aus Farbzusammenstellungen, Strukturen und dem Bildformat erw\u00e4chst, einen analytischen Hauch von N\u00fcchternheit besitzt und mit steter Verringerung der Bildmittel nur Anhaltspunkte f\u00fcr Vermutungen liefert und mit dem n\u00fcchternen Zauber der Abstrahierung Ort und Inhaltlichkeit aufruft.<\/p>\n\n\n\n<p>Dr. Dirk T\u00f6lke, Kunsthistoriker<\/p>\n","protected":false},"excerpt":{"rendered":"<p>Vom Zauber der Abstraktion Die Arbeiten von Dorothee Vermaaten entstehen aus den Farbsetzungen und der Erinnerung, die w\u00e4hrend des Malens eine Verdichtung erf\u00e4hrt. Nicht die Absicht, ein bestimmtes Motiv auszuf\u00fchren, bestimmt das Bild, sondern die ersten Setzungen f\u00fchren zu Assoziationen, die weiterverfolgt werden. Zufall, Spontaneit\u00e4t, Phantasie und Andeutung bilden in einem z\u00fcgigen Arbeitsprozess unterschiedliche Themen [&hellip;]<\/p>\n","protected":false},"author":1,"featured_media":0,"parent":0,"menu_order":0,"comment_status":"closed","ping_status":"closed","template":"wp-custom-template-my-template","meta":{"footnotes":""},"class_list":["post-240","page","type-page","status-publish","hentry"],"_links":{"self":[{"href":"https:\/\/dorothee-vermaaten.de\/index.php?rest_route=\/wp\/v2\/pages\/240","targetHints":{"allow":["GET"]}}],"collection":[{"href":"https:\/\/dorothee-vermaaten.de\/index.php?rest_route=\/wp\/v2\/pages"}],"about":[{"href":"https:\/\/dorothee-vermaaten.de\/index.php?rest_route=\/wp\/v2\/types\/page"}],"author":[{"embeddable":true,"href":"https:\/\/dorothee-vermaaten.de\/index.php?rest_route=\/wp\/v2\/users\/1"}],"replies":[{"embeddable":true,"href":"https:\/\/dorothee-vermaaten.de\/index.php?rest_route=%2Fwp%2Fv2%2Fcomments&post=240"}],"version-history":[{"count":2,"href":"https:\/\/dorothee-vermaaten.de\/index.php?rest_route=\/wp\/v2\/pages\/240\/revisions"}],"predecessor-version":[{"id":281,"href":"https:\/\/dorothee-vermaaten.de\/index.php?rest_route=\/wp\/v2\/pages\/240\/revisions\/281"}],"wp:attachment":[{"href":"https:\/\/dorothee-vermaaten.de\/index.php?rest_route=%2Fwp%2Fv2%2Fmedia&parent=240"}],"curies":[{"name":"wp","href":"https:\/\/api.w.org\/{rel}","templated":true}]}}